{"id":20620,"date":"2018-12-10T07:06:13","date_gmt":"2018-12-10T04:06:13","guid":{"rendered":"https:\/\/www.augmentmachine.com\/career\/"},"modified":"2025-04-26T11:05:54","modified_gmt":"2025-04-26T08:05:54","slug":"career","status":"publish","type":"page","link":"https:\/\/www.augmentmachine.com\/en\/career\/","title":{"rendered":"Career"},"content":{"rendered":"<div class=\"wpb-content-wrapper\">[vc_row gap=&#8221;64&#8243; element_id=&#8221;544602&#8243; css=&#8221;.vc_custom_1548940421216{padding-bottom: 96px !important;}&#8221;][vc_column animation_delay=&#8221;0&#8243; element_id=&#8221;116008&#8243; crp=&#8221;480:i:i,480-768:i:i,768-1024:i:i,1024-1280:i:i,1280-1366:i:i,1366-1600:i:i,1600-1920:i:i&#8221; offset=&#8221;vc_col-lg-4 vc_col-md-5 vc_col-xs-12&#8243;][vc_row_inner gap=&#8221;0&#8243; element_id=&#8221;488479&#8243; css=&#8221;.vc_custom_1620112926336{margin-top: 5px !important;}&#8221;][vc_column_inner el_class=&#8221;background-position-right-bottom&#8221; css=&#8221;.vc_custom_1549858600844{margin-top: 0px !important;padding-top: 0px !important;padding-right: 0px !important;padding-bottom: 0px !important;padding-left: 0px !important;background-position: 0 0 !important;background-repeat: no-repeat !important;}&#8221; offset=&#8221;vc_col-lg-12 vc_col-md-12&#8243;]<h4 class=\"et-heading text-align-left tablet-text-align-inherit mobile-text-align-inherit animate-false no-animation-type\" id=\"et-heading-68940\" data-delay=\"0\" data-mobile-font=\"inherit\" data-mobile-line-height=\"inherit\" data-tablet-landscape-font=\"inherit\" data-tablet-portrait-font=\"inherit\" data-tablet-landscape-line-height=\"inherit\" data-tablet-portrait-line-height=\"inherit\" data-parallax=\"false\" data-move=\"false\" data-coordinatex=\"0\" data-coordinatey=\"0\" data-speed=\"10\"><span class=\"text-wrapper\"><span class=\"text\">Apply Now<\/span><\/span><\/h4>\n<div class=\"wpcf7 no-js\" id=\"wpcf7-f20664-o1\" lang=\"en-US\" dir=\"ltr\" data-wpcf7-id=\"20664\">\n<div class=\"screen-reader-response\"><p role=\"status\" aria-live=\"polite\" aria-atomic=\"true\"><\/p> <ul><\/ul><\/div>\n<form action=\"\/en\/wp-json\/wp\/v2\/pages\/20620#wpcf7-f20664-o1\" method=\"post\" class=\"wpcf7-form init\" aria-label=\"Contact form\" enctype=\"multipart\/form-data\" novalidate=\"novalidate\" data-status=\"init\">\n<fieldset class=\"hidden-fields-container\"><input type=\"hidden\" name=\"_wpcf7\" value=\"20664\" \/><input type=\"hidden\" name=\"_wpcf7_version\" value=\"6.1.5\" \/><input type=\"hidden\" name=\"_wpcf7_locale\" value=\"en_US\" \/><input type=\"hidden\" name=\"_wpcf7_unit_tag\" value=\"wpcf7-f20664-o1\" \/><input type=\"hidden\" name=\"_wpcf7_container_post\" value=\"0\" \/><input type=\"hidden\" name=\"_wpcf7_posted_data_hash\" value=\"\" \/><input type=\"hidden\" name=\"_wpcf7_recaptcha_response\" value=\"\" \/>\n<\/fieldset>\n<p><label> Your Name<br \/>\n<span class=\"wpcf7-form-control-wrap\" data-name=\"your-name\"><input size=\"40\" maxlength=\"400\" class=\"wpcf7-form-control wpcf7-text wpcf7-validates-as-required\" aria-required=\"true\" aria-invalid=\"false\" value=\"\" type=\"text\" name=\"your-name\" \/><\/span> <\/label>\n<\/p>\n<p><label> Your Email Address<br \/>\n<span class=\"wpcf7-form-control-wrap\" data-name=\"your-email\"><input size=\"40\" maxlength=\"400\" class=\"wpcf7-form-control wpcf7-email wpcf7-validates-as-required wpcf7-text wpcf7-validates-as-email\" aria-required=\"true\" aria-invalid=\"false\" value=\"\" type=\"email\" name=\"your-email\" \/><\/span> <\/label>\n<\/p>\n<p><label> Position Applied For<br \/>\n<span class=\"wpcf7-form-control-wrap\" data-name=\"your-subject\"><input size=\"40\" maxlength=\"400\" class=\"wpcf7-form-control wpcf7-text wpcf7-validates-as-required\" aria-required=\"true\" aria-invalid=\"false\" value=\"\" type=\"text\" name=\"your-subject\" \/><\/span> <\/label>\n<\/p>\n<p><label> Resume<br \/>\n<span class=\"wpcf7-form-control-wrap\" data-name=\"file-739\"><input size=\"40\" class=\"wpcf7-form-control wpcf7-file wpcf7-validates-as-required\" accept=\"audio\/*,video\/*,image\/*\" aria-required=\"true\" aria-invalid=\"false\" type=\"file\" name=\"file-739\" \/><\/span> <\/label>\n<\/p>\n<p><label> Your Message<br \/>\n<span class=\"wpcf7-form-control-wrap\" data-name=\"your-message\"><textarea cols=\"40\" rows=\"10\" maxlength=\"2000\" class=\"wpcf7-form-control wpcf7-textarea\" aria-invalid=\"false\" name=\"your-message\"><\/textarea><\/span> <\/label>\n<\/p>\n<p><input class=\"wpcf7-form-control wpcf7-submit has-spinner\" type=\"submit\" value=\"Send\" \/>\n<\/p><p style=\"display: none !important;\" class=\"akismet-fields-container\" data-prefix=\"_wpcf7_ak_\"><label>&#916;<textarea name=\"_wpcf7_ak_hp_textarea\" cols=\"45\" rows=\"8\" maxlength=\"100\"><\/textarea><\/label><input type=\"hidden\" id=\"ak_js_1\" name=\"_wpcf7_ak_js\" value=\"219\"\/><script>document.getElementById( \"ak_js_1\" ).setAttribute( \"value\", ( new Date() ).getTime() );<\/script><\/p><div class=\"wpcf7-response-output\" aria-hidden=\"true\"><\/div>\n<\/form>\n<\/div>\n[\/vc_column_inner][\/vc_row_inner][\/vc_column][vc_column animation_delay=&#8221;0&#8243; element_id=&#8221;865625&#8243; crp=&#8221;480:i:i,480-768:i:i,768-1024:i:i,1024-1280:i:i,1280-1366:i:i,1366-1600:i:i,1600-1920:i:i&#8221; offset=&#8221;vc_col-lg-8 vc_col-md-7 vc_col-xs-12&#8243;]<h1 class=\"et-heading text-align-left tablet-text-align-inherit mobile-text-align-inherit animate-false no-animation-type\" id=\"et-heading-808271\" data-delay=\"0\" data-mobile-font=\"inherit\" data-mobile-line-height=\"inherit\" data-tablet-landscape-font=\"inherit\" data-tablet-portrait-font=\"inherit\" data-tablet-landscape-line-height=\"inherit\" data-tablet-portrait-line-height=\"inherit\" data-parallax=\"false\" data-move=\"false\" data-coordinatex=\"0\" data-coordinatey=\"0\" data-speed=\"10\"><span class=\"text-wrapper\"><span class=\"text\">Would you like to work with us?<\/span><\/span><\/h1><span class=\"et-gap et-clearfix et-gap-406339\"><\/span>[vc_column_text animation_delay=&#8221;0&#8243; css=&#8221;&#8221;]<span class=\"et-font-size\" data-fontsize=\"20px\" data-lineheight=\"32px\">Would you like to be a part of our team? Access open positions and contact details with just two clicks. You will receive a confirmation email immediately after your application is successfully submitted.  <\/span>[\/vc_column_text]<span class=\"et-gap et-clearfix et-gap-803736\"><\/span><div class=\"et-accordion-wrapper\"><div id=\"et-accordion-1\" class=\"et-accordion et-clearfix collapsible-true\"><div class=\"toggle-title et-clearfix active\"><h6 class=\"toggle-title-tag\">Production Planning Specialist<\/h6><span class=\"toggle-ind\"><\/span><\/div> <div id=\"production-planning-specialist-1\" class=\"toggle-content et-clearfix\">[vc_row_inner gap=&#8221;56&#8243; element_id=&#8221;288257&#8243;][vc_column_inner offset=&#8221;vc_col-lg-4 vc_col-md-6 vc_col-xs-12&#8243;]<ul id=\"et-icon-list-264422\" class=\"et-icon-list small\"><li><div class=\"icon-wrap\"><div class=\"icon small\"><span class=\"small fas fa-angle-right\"><\/span><\/div><\/div><div>Period: Full-time<\/div><\/li><li><div class=\"icon-wrap\"><div class=\"icon small\"><span class=\"small fas fa-angle-right\"><\/span><\/div><\/div><div>Start Date: &#8211;<\/div><\/li><li><div class=\"icon-wrap\"><div class=\"icon small\"><span class=\"small fas fa-angle-right\"><\/span><\/div><\/div><div>Duration: Permanent<\/div><\/li><\/ul>[\/vc_column_inner][vc_column_inner offset=&#8221;vc_col-lg-8 vc_col-md-6 vc_col-xs-12&#8243;]<ul id=\"et-icon-list-138950\" class=\"et-icon-list small\"><li><div class=\"icon-wrap\"><div class=\"icon small\"><span class=\"small fas fa-angle-right\"><\/span><\/div><\/div><div>Location: Bursa, TURKEY<\/div><\/li><li><div class=\"icon-wrap\"><div class=\"icon small\"><span class=\"small fas fa-angle-right\"><\/span><\/div><\/div><div>Job Opening Date: January 01, 2023<\/div><\/li><li><div class=\"icon-wrap\"><div class=\"icon small\"><span class=\"small fas fa-angle-right\"><\/span><\/div><\/div><div>Application Deadline: February 28, 2023<\/div><\/li><\/ul>[\/vc_column_inner][\/vc_row_inner]<div class=\"et-separator et-clearfix animate-false solid left horizontal et-separator-740699\" data-delay=\"\"><div class=\"line\"><\/div><\/div><p class=\"et-highlight-heading text-align-left tablet-text-align-inherit mobile-text-align-inherit\" id=\"et-highlight-heading-696507\" data-mobile-font=\"inherit\" data-mobile-line-height=\"inherit\" data-tablet-landscape-font=\"inherit\" data-tablet-portrait-font=\"inherit\" data-tablet-landscape-line-height=\"inherit\" data-tablet-portrait-line-height=\"inherit\" data-parallax=\"false\" data-move=\"false\" data-coordinatex=\"0\" data-coordinatey=\"0\" data-speed=\"10\"><span class=\"text-wrapper\"><span class=\"text\">\u0130\u015f Tan\u0131m\u0131 ve Sorumluluklar<\/span><\/span><\/p>[vc_column_text animation_delay=&#8221;0&#8243;]\n<ul>\n<li style=\"list-style-type: none;\">\n<ul type=\"disc\">\n<li class=\"x_MsoNormal\"> Graduated from Industrial Engineering departments of universities,<\/li>\n<li class=\"x_MsoNormal\"> Have knowledge of ERP programs, preferably Netsis ERP,<\/li>\n<li class=\"x_MsoNormal\"> Have at least 3 years of experience in Production Planning, MRP, MRP-2,<\/li>\n<li class=\"x_MsoNormal\"> Familiar with system implementation processes,<\/li>\n<li class=\"x_MsoNormal\"> Knowledgeable in work study and time study,<\/li>\n<li class=\"x_MsoNormal\"> Have a Class B driver&#8217;s license and can drive actively,<\/li>\n<li class=\"x_MsoNormal\"> For male candidates, completed military service,<\/li>\n<li class=\"x_MsoNormal\"> Residing in Bursa.<\/li>\n<\/ul>\n<\/li>\n<\/ul>\n[\/vc_column_text]<span class=\"et-gap et-clearfix et-gap-459773\"><\/span><p class=\"et-highlight-heading text-align-left tablet-text-align-inherit mobile-text-align-inherit\" id=\"et-highlight-heading-366299\" data-mobile-font=\"inherit\" data-mobile-line-height=\"inherit\" data-tablet-landscape-font=\"inherit\" data-tablet-portrait-font=\"inherit\" data-tablet-landscape-line-height=\"inherit\" data-tablet-portrait-line-height=\"inherit\" data-parallax=\"false\" data-move=\"false\" data-coordinatex=\"0\" data-coordinatey=\"0\" data-speed=\"10\"><span class=\"text-wrapper\"><span class=\"text\">Gerekli Nitelik ve Beklenilen Yeterlilikler<\/span><\/span><\/p>[vc_column_text animation_delay=&#8221;0&#8243;]\n<ul>\n<li class=\"x_MsoNormal\">Create production schedules based on orders from the sales and marketing department and customers, according to capacity and capabilities<\/li>\n<li class=\"x_MsoNormal\">Monitor determined optimum inventory levels, track stock inventory<\/li>\n<li class=\"x_MsoNormal\">Prepare daily production schedules based on machines, stations, processes, and lines, and ensure their communication to the production department; receive daily production feedback and balance the plan,<\/li>\n<li class=\"x_MsoNormal\">Support the planning process for optimum capacity utilization and participate in process improvement projects<\/li>\n<li class=\"x_MsoNormal\">Participate in team efforts to ensure continuous flow in production lines.<\/li>\n<li class=\"x_MsoNormal\">Make improvements in the identification system (shelving and addressing) for materials and products, and ensure its continuity<\/li>\n<li class=\"x_MsoNormal\">Perform other duties and reports assigned by their manager<\/li>\n<\/ul>\n[\/vc_column_text]<\/div><div class=\"toggle-title et-clearfix active\"><h6 class=\"toggle-title-tag\">Pre-Accounting and Secretarial<\/h6><span class=\"toggle-ind\"><\/span><\/div> <div id=\"pre-accounting-and-secretarial-2\" class=\"toggle-content et-clearfix\">[vc_row_inner gap=&#8221;56&#8243; element_id=&#8221;288257&#8243;][vc_column_inner width=&#8221;1\/3&#8243;]<ul id=\"et-icon-list-681652\" class=\"et-icon-list small\"><li><div class=\"icon-wrap\"><div class=\"icon small\"><span class=\"small fas fa-angle-right\"><\/span><\/div><\/div><div>Period: Full-time<\/div><\/li><li><div class=\"icon-wrap\"><div class=\"icon small\"><span class=\"small fas fa-angle-right\"><\/span><\/div><\/div><div>Start Date: &#8211;<\/div><\/li><li><div class=\"icon-wrap\"><div class=\"icon small\"><span class=\"small fas fa-angle-right\"><\/span><\/div><\/div><div>Duration: Permanent<\/div><\/li><\/ul>[\/vc_column_inner][vc_column_inner width=&#8221;2\/3&#8243;]<ul id=\"et-icon-list-544314\" class=\"et-icon-list small\"><li><div class=\"icon-wrap\"><div class=\"icon small\"><span class=\"small fas fa-angle-right\"><\/span><\/div><\/div><div>Location: Bursa, TURKEY<\/div><\/li><li><div class=\"icon-wrap\"><div class=\"icon small\"><span class=\"small fas fa-angle-right\"><\/span><\/div><\/div><div>Job Opening Date: January 01, 2023<\/div><\/li><li><div class=\"icon-wrap\"><div class=\"icon small\"><span class=\"small fas fa-angle-right\"><\/span><\/div><\/div><div>Application Deadline: February 28, 2023<\/div><\/li><\/ul>[\/vc_column_inner][\/vc_row_inner]<div class=\"et-separator et-clearfix animate-false solid left horizontal et-separator-740699\" data-delay=\"\"><div class=\"line\"><\/div><\/div><p class=\"et-highlight-heading text-align-left tablet-text-align-inherit mobile-text-align-inherit\" id=\"et-highlight-heading-462324\" data-mobile-font=\"inherit\" data-mobile-line-height=\"inherit\" data-tablet-landscape-font=\"inherit\" data-tablet-portrait-font=\"inherit\" data-tablet-landscape-line-height=\"inherit\" data-tablet-portrait-line-height=\"inherit\" data-parallax=\"false\" data-move=\"false\" data-coordinatex=\"0\" data-coordinatey=\"0\" data-speed=\"10\"><span class=\"text-wrapper\"><span class=\"text\">\u0130\u015f Tan\u0131m\u0131 ve Sorumluluklar<\/span><\/span><\/p>[vc_column_text animation_delay=&#8221;0&#8243;]\n<ul>\n<li>Graduated from relevant university departments,<\/li>\n<li>Experienced in pre-accounting,<\/li>\n<li>Proficient in MS Office applications,<\/li>\n<li>Preferably proficient in using Zirve Finance program,<\/li>\n<li>Knowledgeable and experienced in E-Ledger, E-Archive, and E-Invoice,<\/li>\n<li>Young, dynamic, and passionate about their work,<\/li>\n<li>Detail-oriented, meticulous, and with a systematic work discipline,<\/li>\n<li>Possessing analytical thinking skills,<\/li>\n<li>Suitable for teamwork,<\/li>\n<\/ul>\n[\/vc_column_text]<span class=\"et-gap et-clearfix et-gap-459773\"><\/span><p class=\"et-highlight-heading text-align-left tablet-text-align-inherit mobile-text-align-inherit\" id=\"et-highlight-heading-258311\" data-mobile-font=\"inherit\" data-mobile-line-height=\"inherit\" data-tablet-landscape-font=\"inherit\" data-tablet-portrait-font=\"inherit\" data-tablet-landscape-line-height=\"inherit\" data-tablet-portrait-line-height=\"inherit\" data-parallax=\"false\" data-move=\"false\" data-coordinatex=\"0\" data-coordinatey=\"0\" data-speed=\"10\"><span class=\"text-wrapper\"><span class=\"text\">Gerekli Nitelik ve Beklenilen Yeterlilikler<\/span><\/span><\/p>[vc_column_text animation_delay=&#8221;0&#8243;]\n<ul>\n<li class=\"x_x_x_MsoNormal\">Able to handle invoices, delivery notes, account reconciliations, checks, and promissory notes,<\/li>\n<li class=\"x_x_x_MsoNormal\">Able to prepare daily, weekly, monthly payment and collection, cash flow reports,<\/li>\n<li class=\"x_x_x_MsoNormal\">Able to prepare payment and collection reports,<\/li>\n<li class=\"x_x_x_MsoNormal\">Able to perform daily accounting records and prepare financial statements,<\/li>\n<li class=\"x_x_x_MsoNormal\">Able to keep documents and records in compliance with legal regulations,<\/li>\n<li class=\"x_x_x_MsoNormal\">Ensure current account reconciliations,<\/li>\n<li class=\"x_x_x_MsoNormal\">Ensure BA\/BS reconciliations,<\/li>\n<li class=\"x_x_x_MsoNormal\">Perform end-of-period transactions,<\/li>\n<li>Track deadlines for company-specific documents and papers, and prepare contracts and reports in accordance with necessary procedures,<\/li>\n<li>Track attendance records,<\/li>\n<\/ul>\n[\/vc_column_text]<\/div><div class=\"toggle-title et-clearfix active\"><h6 class=\"toggle-title-tag\">Special Machine Production Operator<\/h6><span class=\"toggle-ind\"><\/span><\/div> <div id=\"special-machine-production-operator-3\" class=\"toggle-content et-clearfix\">[vc_row_inner gap=&#8221;56&#8243; element_id=&#8221;288257&#8243;][vc_column_inner width=&#8221;1\/3&#8243;]<ul id=\"et-icon-list-415278\" class=\"et-icon-list small\"><li><div class=\"icon-wrap\"><div class=\"icon small\"><span class=\"small fas fa-angle-right\"><\/span><\/div><\/div><div>Period: Full-time<\/div><\/li><li><div class=\"icon-wrap\"><div class=\"icon small\"><span class=\"small fas fa-angle-right\"><\/span><\/div><\/div><div>Start Date: &#8211;<\/div><\/li><li><div class=\"icon-wrap\"><div class=\"icon small\"><span class=\"small fas fa-angle-right\"><\/span><\/div><\/div><div>Duration: Permanent<\/div><\/li><\/ul>[\/vc_column_inner][vc_column_inner width=&#8221;2\/3&#8243;]<ul id=\"et-icon-list-350544\" class=\"et-icon-list small\"><li><div class=\"icon-wrap\"><div class=\"icon small\"><span class=\"small fas fa-angle-right\"><\/span><\/div><\/div><div>Location: Bursa, TURKEY<\/div><\/li><li><div class=\"icon-wrap\"><div class=\"icon small\"><span class=\"small fas fa-angle-right\"><\/span><\/div><\/div><div>Job Opening Date: January 01, 2023<\/div><\/li><li><div class=\"icon-wrap\"><div class=\"icon small\"><span class=\"small fas fa-angle-right\"><\/span><\/div><\/div><div>Application Deadline: February 28, 2023<\/div><\/li><\/ul>[\/vc_column_inner][\/vc_row_inner]<div class=\"et-separator et-clearfix animate-false solid left horizontal et-separator-740699\" data-delay=\"\"><div class=\"line\"><\/div><\/div><p class=\"et-highlight-heading text-align-left tablet-text-align-inherit mobile-text-align-inherit\" id=\"et-highlight-heading-45904\" data-mobile-font=\"inherit\" data-mobile-line-height=\"inherit\" data-tablet-landscape-font=\"inherit\" data-tablet-portrait-font=\"inherit\" data-tablet-landscape-line-height=\"inherit\" data-tablet-portrait-line-height=\"inherit\" data-parallax=\"false\" data-move=\"false\" data-coordinatex=\"0\" data-coordinatey=\"0\" data-speed=\"10\"><span class=\"text-wrapper\"><span class=\"text\">\u0130\u015f Tan\u0131m\u0131 ve Sorumluluklar<\/span><\/span><\/p>[vc_column_text animation_delay=&#8221;0&#8243;]\n<ul>\n<li>Create and maintain highly interactive web applications for Microsoft SharePoint platform;<\/li>\n<li>Integrate client web applications with external web services;<\/li>\n<li>Create, manage web forms and interact with backend using JavaScript technique;<\/li>\n<li>Meet with project stakeholders, discuss their vision and ideas;<\/li>\n<li>Work in a fast-paced, creative atmosphere to develop new ideas;<\/li>\n<\/ul>\n[\/vc_column_text]<span class=\"et-gap et-clearfix et-gap-459773\"><\/span><p class=\"et-highlight-heading text-align-left tablet-text-align-inherit mobile-text-align-inherit\" id=\"et-highlight-heading-98179\" data-mobile-font=\"inherit\" data-mobile-line-height=\"inherit\" data-tablet-landscape-font=\"inherit\" data-tablet-portrait-font=\"inherit\" data-tablet-landscape-line-height=\"inherit\" data-tablet-portrait-line-height=\"inherit\" data-parallax=\"false\" data-move=\"false\" data-coordinatex=\"0\" data-coordinatey=\"0\" data-speed=\"10\"><span class=\"text-wrapper\"><span class=\"text\">Gerekli Nitelik ve Beklenilen Yeterlilikler<\/span><\/span><\/p>[vc_column_text animation_delay=&#8221;0&#8243;]\n<ul>\n<li>At least 2 years of web development experience, including expertise with AJAX, JavaScript, and libraries like JQuery and JQueryUI;<\/li>\n<li>At least 2 years of HTML\/ CSS experience, including concepts like layout, specificity, cross browser compatibility, and accessibility;<\/li>\n<li>Experience in Service Oriented Architecture (REST\/ SOAP, Web API and WCF);<\/li>\n<li>Strong understanding of JavaScript, its quirks and workarounds;<\/li>\n<li>Knowledge of MS SharePoint&#8217;s native JavaScript library or jQuery SPServices.js is a big advantage;<\/li>\n<\/ul>\n[\/vc_column_text]<\/div><\/div><\/div>[\/vc_column][\/vc_row]\n<\/div>","protected":false},"excerpt":{"rendered":"<p>[vc_row gap=&#8221;64&#8243; element_id=&#8221;544602&#8243; css=&#8221;.vc_custom_1548940421216{padding-bottom: 96px !important;}&#8221;][vc_column animation_delay=&#8221;0&#8243; element_id=&#8221;116008&#8243; crp=&#8221;480:i:i,480-768:i:i,768-1024:i:i,1024-1280:i:i,1280-1366:i:i,1366-1600:i:i,1600-1920:i:i&#8221; offset=&#8221;vc_col-lg-4 vc_col-md-5 vc_col-xs-12&#8243;][vc_row_inner gap=&#8221;0&#8243; element_id=&#8221;488479&#8243; css=&#8221;.vc_custom_1620112926336{margin-top: 5px !important;}&#8221;][vc_column_inner el_class=&#8221;background-position-right-bottom&#8221; css=&#8221;.vc_custom_1549858600844{margin-top: 0px !important;padding-top: 0px !important;padding-right: 0px !important;padding-bottom: 0px !important;padding-left: 0px !important;background-position: 0 0 !important;background-repeat: no-repeat !important;}&#8221; offset=&#8221;vc_col-lg-12 vc_col-md-12&#8243;][\/vc_column_inner][\/vc_row_inner][\/vc_column][vc_column animation_delay=&#8221;0&#8243; element_id=&#8221;865625&#8243; crp=&#8221;480:i:i,480-768:i:i,768-1024:i:i,1024-1280:i:i,1280-1366:i:i,1366-1600:i:i,1600-1920:i:i&#8221; offset=&#8221;vc_col-lg-8 vc_col-md-7 vc_col-xs-12&#8243;][vc_column_text animation_delay=&#8221;0&#8243; css=&#8221;&#8221;][\/vc_column_text][\/vc_column][\/vc_row]<\/p>\n","protected":false},"author":1,"featured_media":0,"parent":0,"menu_order":0,"comment_status":"closed","ping_status":"closed","template":"page-vc.php","meta":{"googlesitekit_rrm_CAowz6u7DA:productID":"","inline_featured_image":false,"footnotes":""},"class_list":["post-20620","page","type-page","status-publish","hentry"],"aioseo_notices":[],"_links":{"self":[{"href":"https:\/\/www.augmentmachine.com\/en\/wp-json\/wp\/v2\/pages\/20620","targetHints":{"allow":["GET"]}}],"collection":[{"href":"https:\/\/www.augmentmachine.com\/en\/wp-json\/wp\/v2\/pages"}],"about":[{"href":"https:\/\/www.augmentmachine.com\/en\/wp-json\/wp\/v2\/types\/page"}],"author":[{"embeddable":true,"href":"https:\/\/www.augmentmachine.com\/en\/wp-json\/wp\/v2\/users\/1"}],"replies":[{"embeddable":true,"href":"https:\/\/www.augmentmachine.com\/en\/wp-json\/wp\/v2\/comments?post=20620"}],"version-history":[{"count":1,"href":"https:\/\/www.augmentmachine.com\/en\/wp-json\/wp\/v2\/pages\/20620\/revisions"}],"predecessor-version":[{"id":20625,"href":"https:\/\/www.augmentmachine.com\/en\/wp-json\/wp\/v2\/pages\/20620\/revisions\/20625"}],"wp:attachment":[{"href":"https:\/\/www.augmentmachine.com\/en\/wp-json\/wp\/v2\/media?parent=20620"}],"curies":[{"name":"wp","href":"https:\/\/api.w.org\/{rel}","templated":true}]}}